{"id":466,"date":"2024-06-18T07:23:50","date_gmt":"2024-06-18T07:23:50","guid":{"rendered":"https:\/\/myhomeproperty.es\/ueber\/"},"modified":"2024-10-22T09:51:21","modified_gmt":"2024-10-22T09:51:21","slug":"reformen","status":"publish","type":"page","link":"https:\/\/myhomeproperty.es\/de\/reformen\/","title":{"rendered":"Reformen"},"content":{"rendered":"\t\t<div data-elementor-type=\"wp-page\" data-elementor-id=\"466\" class=\"elementor elementor-466 elementor-57\">\n\t\t\t\t<div class=\"elementor-element elementor-element-f5423f8 e-flex e-con-boxed e-con e-parent\" data-id=\"f5423f8\" data-element_type=\"container\">\n\t\t\t\t\t<div class=\"e-con-inner\">\n\t\t\t\t\t<\/div>\n\t\t\t\t<\/div>\n\t\t<div class=\"elementor-element elementor-element-4dd63bf0 e-flex e-con-boxed e-con e-parent\" data-id=\"4dd63bf0\" data-element_type=\"container\">\n\t\t\t\t\t<div class=\"e-con-inner\">\n\t\t\t\t<div class=\"elementor-element elementor-element-1f5e386d elementor-widget elementor-widget-image\" data-id=\"1f5e386d\" data-element_type=\"widget\" data-widget_type=\"image.default\">\n\t\t\t\t<div class=\"elementor-widget-container\">\n\t\t\t\t\t\t\t\t\t\t\t\t\t\t\t<img fetchpriority=\"high\" decoding=\"async\" width=\"600\" height=\"300\" src=\"https:\/\/myhomeproperty.es\/wp-content\/uploads\/2024\/07\/webs-empresa-reformas.png\" class=\"attachment-large size-large wp-image-2426\" alt=\"\" srcset=\"https:\/\/myhomeproperty.es\/wp-content\/uploads\/2024\/07\/webs-empresa-reformas.png 600w, https:\/\/myhomeproperty.es\/wp-content\/uploads\/2024\/07\/webs-empresa-reformas-300x150.png 300w, https:\/\/myhomeproperty.es\/wp-content\/uploads\/2024\/07\/webs-empresa-reformas-496x248.png 496w\" sizes=\"(max-width: 600px) 100vw, 600px\" \/>\t\t\t\t\t\t\t\t\t\t\t\t\t\t\t<\/div>\n\t\t\t\t<\/div>\n\t\t\t\t\t<\/div>\n\t\t\t\t<\/div>\n\t\t<div class=\"elementor-element elementor-element-1e2a075f e-flex e-con-boxed e-con e-parent\" data-id=\"1e2a075f\" data-element_type=\"container\">\n\t\t\t\t\t<div class=\"e-con-inner\">\n\t\t\t\t<div class=\"elementor-element elementor-element-19e63b26 elementor-widget elementor-widget-heading\" data-id=\"19e63b26\" data-element_type=\"widget\" data-widget_type=\"heading.default\">\n\t\t\t\t<div class=\"elementor-widget-container\">\n\t\t\t\t\t<h2 class=\"elementor-heading-title elementor-size-default\">Immobilienrenovierung<\/h2>\t\t\t\t<\/div>\n\t\t\t\t<\/div>\n\t\t\t\t\t<\/div>\n\t\t\t\t<\/div>\n\t\t<div class=\"elementor-element elementor-element-667ccac5 e-flex e-con-boxed e-con e-parent\" data-id=\"667ccac5\" data-element_type=\"container\">\n\t\t\t\t\t<div class=\"e-con-inner\">\n\t\t\t\t<div class=\"elementor-element elementor-element-24147b2c elementor-widget elementor-widget-text-editor\" data-id=\"24147b2c\" data-element_type=\"widget\" data-widget_type=\"text-editor.default\">\n\t\t\t\t<div class=\"elementor-widget-container\">\n\t\t\t\t\t\t\t\t\t<p>In den letzten Jahren haben wir vielen unserer Hausbesitzer geholfen, ihr Zuhause zu verbessern, sei es von einem einzelnen Badezimmer bis hin zu einer kompletten Renovierung. In den letzten Jahren haben wir gute Arbeitsbeziehungen mit mehreren lokalen Unternehmen aufgebaut, die uns dabei helfen werden, etwas Neues und Sch\u00f6nes f\u00fcr unsere Hausbesitzer zu schaffen und so ihren Immobilien mehr Komfort und Wert zu verleihen.<\/p><p><span style=\"text-align: var(--text-align);\">Wir bei My Home Property Solutions glauben, dass H\u00e4user die Pers\u00f6nlichkeit der Menschen annehmen, die darin leben, und ein Spiegelbild ihres Lebens sind. Und deshalb verbringen wir so viel Zeit damit, unsere Kunden kennenzulernen. Wir gehen nicht mit der Einstellung zu einem Vorgespr\u00e4ch: \u201eWerden sie das Haus kaufen?\u201c Stattdessen dachten wir: \u201eK\u00f6nnen wir zusammenarbeiten?\u201c Und wie k\u00f6nnte man am besten etwas Besonderes machen?<\/span><\/p><p><span style=\"text-align: var(--text-align);\">Schlie\u00dflich geht es bei Renovierungen und Umbauten nicht nur darum, eine Wand einzurei\u00dfen oder ein neues Waschbecken zu installieren. Es sind die Entscheidungen und die dahinter stehenden Ziele, die uns antreiben.<\/span><\/p><p><span style=\"text-align: var(--text-align);\">Wir bieten einen ma\u00dfgeschneiderten Renovierungsservice an. Unabh\u00e4ngig davon, ob Sie sich in der Ideenfindungsphase befinden oder bereits Pl\u00e4ne haben, k\u00f6nnen wir Sie w\u00e4hrend des gesamten Prozesses unterst\u00fctzen, einschlie\u00dflich umfassender Designideen, der Kontaktaufnahme mit dem Architekten bei Bedarf und der Bauleistungen.<\/span><\/p><p><span style=\"text-align: var(--text-align);\">My Home Property Solutions kann Ihr pers\u00f6nlich zugewiesener Projektmanager sein.<\/span><\/p><p><span style=\"text-align: var(--text-align);\">Weil wir wissen, dass Ihr Haus Ihr Traum ist.<\/span><\/p>\t\t\t\t\t\t\t\t<\/div>\n\t\t\t\t<\/div>\n\t\t\t\t\t<\/div>\n\t\t\t\t<\/div>\n\t\t<div class=\"elementor-element elementor-element-5a85a57 e-flex e-con-boxed e-con e-parent\" data-id=\"5a85a57\" data-element_type=\"container\">\n\t\t\t\t\t<div class=\"e-con-inner\">\n\t\t\t\t<div class=\"elementor-element elementor-element-633a6d0 elementor-arrows-position-inside elementor-pagination-position-outside elementor-widget elementor-widget-image-carousel\" data-id=\"633a6d0\" data-element_type=\"widget\" data-settings=\"{&quot;lazyload&quot;:&quot;yes&quot;,&quot;navigation&quot;:&quot;both&quot;,&quot;autoplay&quot;:&quot;yes&quot;,&quot;pause_on_hover&quot;:&quot;yes&quot;,&quot;pause_on_interaction&quot;:&quot;yes&quot;,&quot;autoplay_speed&quot;:5000,&quot;infinite&quot;:&quot;yes&quot;,&quot;speed&quot;:500}\" data-widget_type=\"image-carousel.default\">\n\t\t\t\t<div class=\"elementor-widget-container\">\n\t\t\t\t\t\t\t<div class=\"elementor-image-carousel-wrapper swiper\" role=\"region\" aria-roledescription=\"carousel\" aria-label=\"Bild Karussell\" dir=\"ltr\">\n\t\t\t<div class=\"elementor-image-carousel swiper-wrapper\" aria-live=\"off\">\n\t\t\t\t\t\t\t\t<div class=\"swiper-slide\" role=\"group\" aria-roledescription=\"slide\" aria-label=\"1 von 36\"><figure class=\"swiper-slide-inner\"><img class=\"swiper-slide-image swiper-lazy\" data-src=\"https:\/\/myhomeproperty.es\/wp-content\/uploads\/2024\/10\/IMG_3416-scaled-1-584x438.jpeg\" alt=\"IMG_3416-scaled.jpeg\" \/><div class=\"swiper-lazy-preloader\"><\/div><\/figure><\/div><div class=\"swiper-slide\" role=\"group\" aria-roledescription=\"slide\" aria-label=\"2 von 36\"><figure class=\"swiper-slide-inner\"><img class=\"swiper-slide-image swiper-lazy\" data-src=\"https:\/\/myhomeproperty.es\/wp-content\/uploads\/2024\/10\/IMG_1412-scaled-1-584x438.jpeg\" alt=\"IMG_1412-scaled.jpeg\" \/><div class=\"swiper-lazy-preloader\"><\/div><\/figure><\/div><div class=\"swiper-slide\" role=\"group\" aria-roledescription=\"slide\" aria-label=\"3 von 36\"><figure class=\"swiper-slide-inner\"><img class=\"swiper-slide-image swiper-lazy\" data-src=\"https:\/\/myhomeproperty.es\/wp-content\/uploads\/2024\/10\/IMG_1274-scaled-1-584x438.jpeg\" alt=\"IMG_1274-scaled.jpeg\" \/><div class=\"swiper-lazy-preloader\"><\/div><\/figure><\/div><div class=\"swiper-slide\" role=\"group\" aria-roledescription=\"slide\" aria-label=\"4 von 36\"><figure class=\"swiper-slide-inner\"><img class=\"swiper-slide-image swiper-lazy\" data-src=\"https:\/\/myhomeproperty.es\/wp-content\/uploads\/2024\/10\/IMG_1273-scaled-1-584x438.jpeg\" alt=\"IMG_1273-scaled.jpeg\" \/><div class=\"swiper-lazy-preloader\"><\/div><\/figure><\/div><div class=\"swiper-slide\" role=\"group\" aria-roledescription=\"slide\" aria-label=\"5 von 36\"><figure class=\"swiper-slide-inner\"><img class=\"swiper-slide-image swiper-lazy\" data-src=\"https:\/\/myhomeproperty.es\/wp-content\/uploads\/2024\/10\/IMG_0559-scaled-1-584x438.jpeg\" alt=\"IMG_0559-scaled.jpeg\" \/><div class=\"swiper-lazy-preloader\"><\/div><\/figure><\/div><div class=\"swiper-slide\" role=\"group\" aria-roledescription=\"slide\" aria-label=\"6 von 36\"><figure class=\"swiper-slide-inner\"><img class=\"swiper-slide-image swiper-lazy\" data-src=\"https:\/\/myhomeproperty.es\/wp-content\/uploads\/2024\/10\/990f1f03-9b04-49eb-a950-4431e77e6a47-1-584x438.jpeg\" alt=\"990f1f03-9b04-49eb-a950-4431e77e6a47.jpeg\" \/><div class=\"swiper-lazy-preloader\"><\/div><\/figure><\/div><div class=\"swiper-slide\" role=\"group\" aria-roledescription=\"slide\" aria-label=\"7 von 36\"><figure class=\"swiper-slide-inner\"><img class=\"swiper-slide-image swiper-lazy\" data-src=\"https:\/\/myhomeproperty.es\/wp-content\/uploads\/2024\/10\/564a8ff9-cb2d-4bc8-8b89-19e3a23a9ed5-1-584x438.jpeg\" alt=\"564a8ff9-cb2d-4bc8-8b89-19e3a23a9ed5.jpeg\" \/><div class=\"swiper-lazy-preloader\"><\/div><\/figure><\/div><div class=\"swiper-slide\" role=\"group\" aria-roledescription=\"slide\" aria-label=\"8 von 36\"><figure class=\"swiper-slide-inner\"><img class=\"swiper-slide-image swiper-lazy\" data-src=\"https:\/\/myhomeproperty.es\/wp-content\/uploads\/2024\/10\/437eb7e1-d3ad-41b6-822d-d671209ccecb-1-584x438.jpeg\" alt=\"437eb7e1-d3ad-41b6-822d-d671209ccecb.jpeg\" \/><div class=\"swiper-lazy-preloader\"><\/div><\/figure><\/div><div class=\"swiper-slide\" role=\"group\" aria-roledescription=\"slide\" aria-label=\"9 von 36\"><figure class=\"swiper-slide-inner\"><img class=\"swiper-slide-image swiper-lazy\" data-src=\"https:\/\/myhomeproperty.es\/wp-content\/uploads\/2024\/10\/29c28151-e155-40d7-8e44-d94f38abde89-1-584x438.jpeg\" alt=\"29c28151-e155-40d7-8e44-d94f38abde89.jpeg\" \/><div class=\"swiper-lazy-preloader\"><\/div><\/figure><\/div><div class=\"swiper-slide\" role=\"group\" aria-roledescription=\"slide\" aria-label=\"10 von 36\"><figure class=\"swiper-slide-inner\"><img class=\"swiper-slide-image swiper-lazy\" data-src=\"https:\/\/myhomeproperty.es\/wp-content\/uploads\/2024\/10\/2d4c5454-5f39-4ec0-9ca0-befab22b62da-1-584x438.jpeg\" alt=\"2d4c5454-5f39-4ec0-9ca0-befab22b62da.jpeg\" \/><div class=\"swiper-lazy-preloader\"><\/div><\/figure><\/div><div class=\"swiper-slide\" role=\"group\" aria-roledescription=\"slide\" aria-label=\"11 von 36\"><figure class=\"swiper-slide-inner\"><img class=\"swiper-slide-image swiper-lazy\" data-src=\"https:\/\/myhomeproperty.es\/wp-content\/uploads\/2024\/10\/1b3cf83f-c364-4a1b-9f0b-2f42ded0e25a-1-584x438.jpeg\" alt=\"1b3cf83f-c364-4a1b-9f0b-2f42ded0e25a.jpeg\" \/><div class=\"swiper-lazy-preloader\"><\/div><\/figure><\/div><div class=\"swiper-slide\" role=\"group\" aria-roledescription=\"slide\" aria-label=\"12 von 36\"><figure class=\"swiper-slide-inner\"><img class=\"swiper-slide-image swiper-lazy\" data-src=\"https:\/\/myhomeproperty.es\/wp-content\/uploads\/2024\/10\/IMG_9781-1-584x438.jpg\" alt=\"IMG_9781.jpg\" \/><div class=\"swiper-lazy-preloader\"><\/div><\/figure><\/div><div class=\"swiper-slide\" role=\"group\" aria-roledescription=\"slide\" aria-label=\"13 von 36\"><figure class=\"swiper-slide-inner\"><img class=\"swiper-slide-image swiper-lazy\" data-src=\"https:\/\/myhomeproperty.es\/wp-content\/uploads\/2024\/10\/IMG_9360-scaled-2-584x438.jpg\" alt=\"IMG_9360-scaled.jpg\" \/><div class=\"swiper-lazy-preloader\"><\/div><\/figure><\/div><div class=\"swiper-slide\" role=\"group\" aria-roledescription=\"slide\" aria-label=\"14 von 36\"><figure class=\"swiper-slide-inner\"><img class=\"swiper-slide-image swiper-lazy\" data-src=\"https:\/\/myhomeproperty.es\/wp-content\/uploads\/2024\/10\/IMG_9353-scaled-1-584x438.jpeg\" alt=\"IMG_9353-scaled.jpeg\" \/><div class=\"swiper-lazy-preloader\"><\/div><\/figure><\/div><div class=\"swiper-slide\" role=\"group\" aria-roledescription=\"slide\" aria-label=\"15 von 36\"><figure class=\"swiper-slide-inner\"><img class=\"swiper-slide-image swiper-lazy\" data-src=\"https:\/\/myhomeproperty.es\/wp-content\/uploads\/2024\/10\/IMG_8769-scaled-1-584x438.jpeg\" alt=\"IMG_8769-scaled.jpeg\" \/><div class=\"swiper-lazy-preloader\"><\/div><\/figure><\/div><div class=\"swiper-slide\" role=\"group\" aria-roledescription=\"slide\" aria-label=\"16 von 36\"><figure class=\"swiper-slide-inner\"><img class=\"swiper-slide-image swiper-lazy\" data-src=\"https:\/\/myhomeproperty.es\/wp-content\/uploads\/2024\/10\/IMG_8768-scaled-1-584x438.jpeg\" alt=\"IMG_8768-scaled.jpeg\" \/><div class=\"swiper-lazy-preloader\"><\/div><\/figure><\/div><div class=\"swiper-slide\" role=\"group\" aria-roledescription=\"slide\" aria-label=\"17 von 36\"><figure class=\"swiper-slide-inner\"><img class=\"swiper-slide-image swiper-lazy\" data-src=\"https:\/\/myhomeproperty.es\/wp-content\/uploads\/2024\/10\/IMG_8767-scaled-2-584x438.jpeg\" alt=\"IMG_8767-scaled.jpeg\" \/><div class=\"swiper-lazy-preloader\"><\/div><\/figure><\/div><div class=\"swiper-slide\" role=\"group\" aria-roledescription=\"slide\" aria-label=\"18 von 36\"><figure class=\"swiper-slide-inner\"><img class=\"swiper-slide-image swiper-lazy\" data-src=\"https:\/\/myhomeproperty.es\/wp-content\/uploads\/2024\/10\/IMG_4161-2-584x438.jpeg\" alt=\"IMG_4161.jpeg\" \/><div class=\"swiper-lazy-preloader\"><\/div><\/figure><\/div><div class=\"swiper-slide\" role=\"group\" aria-roledescription=\"slide\" aria-label=\"19 von 36\"><figure class=\"swiper-slide-inner\"><img class=\"swiper-slide-image swiper-lazy\" data-src=\"https:\/\/myhomeproperty.es\/wp-content\/uploads\/2024\/10\/IMG_3993-scaled-1-584x438.jpeg\" alt=\"IMG_3993-scaled.jpeg\" \/><div class=\"swiper-lazy-preloader\"><\/div><\/figure><\/div><div class=\"swiper-slide\" role=\"group\" aria-roledescription=\"slide\" aria-label=\"20 von 36\"><figure class=\"swiper-slide-inner\"><img class=\"swiper-slide-image swiper-lazy\" data-src=\"https:\/\/myhomeproperty.es\/wp-content\/uploads\/2024\/10\/IMG_3485-scaled-1-584x438.jpeg\" alt=\"IMG_3485-scaled.jpeg\" \/><div class=\"swiper-lazy-preloader\"><\/div><\/figure><\/div><div class=\"swiper-slide\" role=\"group\" aria-roledescription=\"slide\" aria-label=\"21 von 36\"><figure class=\"swiper-slide-inner\"><img class=\"swiper-slide-image swiper-lazy\" data-src=\"https:\/\/myhomeproperty.es\/wp-content\/uploads\/2024\/10\/IMG_3477-scaled-1-584x438.jpeg\" alt=\"IMG_3477-scaled.jpeg\" \/><div class=\"swiper-lazy-preloader\"><\/div><\/figure><\/div><div class=\"swiper-slide\" role=\"group\" aria-roledescription=\"slide\" aria-label=\"22 von 36\"><figure class=\"swiper-slide-inner\"><img class=\"swiper-slide-image swiper-lazy\" data-src=\"https:\/\/myhomeproperty.es\/wp-content\/uploads\/2024\/10\/IMG_3472-scaled-1-584x438.jpeg\" alt=\"IMG_3472-scaled.jpeg\" \/><div class=\"swiper-lazy-preloader\"><\/div><\/figure><\/div><div class=\"swiper-slide\" role=\"group\" aria-roledescription=\"slide\" aria-label=\"23 von 36\"><figure class=\"swiper-slide-inner\"><img class=\"swiper-slide-image swiper-lazy\" data-src=\"https:\/\/myhomeproperty.es\/wp-content\/uploads\/2024\/10\/IMG_3468-scaled-1-584x438.jpeg\" alt=\"IMG_3468-scaled.jpeg\" \/><div class=\"swiper-lazy-preloader\"><\/div><\/figure><\/div><div class=\"swiper-slide\" role=\"group\" aria-roledescription=\"slide\" aria-label=\"24 von 36\"><figure class=\"swiper-slide-inner\"><img class=\"swiper-slide-image swiper-lazy\" data-src=\"https:\/\/myhomeproperty.es\/wp-content\/uploads\/2024\/10\/IMG_3051-scaled-1-584x438.jpeg\" alt=\"IMG_3051-scaled.jpeg\" \/><div class=\"swiper-lazy-preloader\"><\/div><\/figure><\/div><div class=\"swiper-slide\" role=\"group\" aria-roledescription=\"slide\" aria-label=\"25 von 36\"><figure class=\"swiper-slide-inner\"><img class=\"swiper-slide-image swiper-lazy\" data-src=\"https:\/\/myhomeproperty.es\/wp-content\/uploads\/2024\/10\/IMG_2805-scaled-1-584x438.jpeg\" alt=\"IMG_2805-scaled.jpeg\" \/><div class=\"swiper-lazy-preloader\"><\/div><\/figure><\/div><div class=\"swiper-slide\" role=\"group\" aria-roledescription=\"slide\" aria-label=\"26 von 36\"><figure class=\"swiper-slide-inner\"><img class=\"swiper-slide-image swiper-lazy\" data-src=\"https:\/\/myhomeproperty.es\/wp-content\/uploads\/2024\/10\/IMG_2765-scaled-1-584x438.jpeg\" alt=\"IMG_2765-scaled.jpeg\" \/><div class=\"swiper-lazy-preloader\"><\/div><\/figure><\/div><div class=\"swiper-slide\" role=\"group\" aria-roledescription=\"slide\" aria-label=\"27 von 36\"><figure class=\"swiper-slide-inner\"><img class=\"swiper-slide-image swiper-lazy\" data-src=\"https:\/\/myhomeproperty.es\/wp-content\/uploads\/2024\/10\/IMG_2524-scaled-1-584x438.jpeg\" alt=\"IMG_2524-scaled.jpeg\" \/><div class=\"swiper-lazy-preloader\"><\/div><\/figure><\/div><div class=\"swiper-slide\" role=\"group\" aria-roledescription=\"slide\" aria-label=\"28 von 36\"><figure class=\"swiper-slide-inner\"><img class=\"swiper-slide-image swiper-lazy\" data-src=\"https:\/\/myhomeproperty.es\/wp-content\/uploads\/2024\/10\/IMG_1798-scaled-1-584x438.jpeg\" alt=\"IMG_1798-scaled.jpeg\" \/><div class=\"swiper-lazy-preloader\"><\/div><\/figure><\/div><div class=\"swiper-slide\" role=\"group\" aria-roledescription=\"slide\" aria-label=\"29 von 36\"><figure class=\"swiper-slide-inner\"><img class=\"swiper-slide-image swiper-lazy\" data-src=\"https:\/\/myhomeproperty.es\/wp-content\/uploads\/2024\/10\/f050d68f-eb56-4604-979b-78b90ed3c56f-1-584x438.jpeg\" alt=\"f050d68f-eb56-4604-979b-78b90ed3c56f.jpeg\" \/><div class=\"swiper-lazy-preloader\"><\/div><\/figure><\/div><div class=\"swiper-slide\" role=\"group\" aria-roledescription=\"slide\" aria-label=\"30 von 36\"><figure class=\"swiper-slide-inner\"><img class=\"swiper-slide-image swiper-lazy\" data-src=\"https:\/\/myhomeproperty.es\/wp-content\/uploads\/2024\/10\/c5fc7d84-a3bd-4b17-93fe-6b7c8135019d-1-584x438.jpg\" alt=\"c5fc7d84-a3bd-4b17-93fe-6b7c8135019d.jpg\" \/><div class=\"swiper-lazy-preloader\"><\/div><\/figure><\/div><div class=\"swiper-slide\" role=\"group\" aria-roledescription=\"slide\" aria-label=\"31 von 36\"><figure class=\"swiper-slide-inner\"><img class=\"swiper-slide-image swiper-lazy\" data-src=\"https:\/\/myhomeproperty.es\/wp-content\/uploads\/2024\/10\/a05dabce-4e9d-453e-8c89-3cb43837fc75-1-584x438.jpeg\" alt=\"a05dabce-4e9d-453e-8c89-3cb43837fc75.jpeg\" \/><div class=\"swiper-lazy-preloader\"><\/div><\/figure><\/div><div class=\"swiper-slide\" role=\"group\" aria-roledescription=\"slide\" aria-label=\"32 von 36\"><figure class=\"swiper-slide-inner\"><img class=\"swiper-slide-image swiper-lazy\" data-src=\"https:\/\/myhomeproperty.es\/wp-content\/uploads\/2024\/10\/59403486-2c73-4770-ad22-a622e4276785-1-584x438.jpeg\" alt=\"59403486-2c73-4770-ad22-a622e4276785.jpeg\" \/><div class=\"swiper-lazy-preloader\"><\/div><\/figure><\/div><div class=\"swiper-slide\" role=\"group\" aria-roledescription=\"slide\" aria-label=\"33 von 36\"><figure class=\"swiper-slide-inner\"><img class=\"swiper-slide-image swiper-lazy\" data-src=\"https:\/\/myhomeproperty.es\/wp-content\/uploads\/2024\/10\/992f3fb5-3719-4bff-bece-640ab92e6e55-1-584x438.jpeg\" alt=\"992f3fb5-3719-4bff-bece-640ab92e6e55.jpeg\" \/><div class=\"swiper-lazy-preloader\"><\/div><\/figure><\/div><div class=\"swiper-slide\" role=\"group\" aria-roledescription=\"slide\" aria-label=\"34 von 36\"><figure class=\"swiper-slide-inner\"><img class=\"swiper-slide-image swiper-lazy\" data-src=\"https:\/\/myhomeproperty.es\/wp-content\/uploads\/2024\/10\/64f1002b-ac5a-43ed-8395-b77b96ea5b40-1-584x438.jpeg\" alt=\"64f1002b-ac5a-43ed-8395-b77b96ea5b40.jpeg\" \/><div class=\"swiper-lazy-preloader\"><\/div><\/figure><\/div><div class=\"swiper-slide\" role=\"group\" aria-roledescription=\"slide\" aria-label=\"35 von 36\"><figure class=\"swiper-slide-inner\"><img class=\"swiper-slide-image swiper-lazy\" data-src=\"https:\/\/myhomeproperty.es\/wp-content\/uploads\/2024\/10\/7b2d76d3-2626-48a7-abd2-ac98df51434d-2-584x438.jpg\" alt=\"7b2d76d3-2626-48a7-abd2-ac98df51434d.jpg\" \/><div class=\"swiper-lazy-preloader\"><\/div><\/figure><\/div><div class=\"swiper-slide\" role=\"group\" aria-roledescription=\"slide\" aria-label=\"36 von 36\"><figure class=\"swiper-slide-inner\"><img class=\"swiper-slide-image swiper-lazy\" data-src=\"https:\/\/myhomeproperty.es\/wp-content\/uploads\/2024\/10\/4bc62662-6e4f-47d8-be6d-a687d3001aac-2-584x438.jpeg\" alt=\"4bc62662-6e4f-47d8-be6d-a687d3001aac.jpeg\" \/><div class=\"swiper-lazy-preloader\"><\/div><\/figure><\/div>\t\t\t<\/div>\n\t\t\t\t\t\t\t\t\t\t\t\t<div class=\"elementor-swiper-button elementor-swiper-button-prev\" role=\"button\" tabindex=\"0\">\n\t\t\t\t\t\t<svg aria-hidden=\"true\" class=\"e-font-icon-svg e-eicon-chevron-left\" viewBox=\"0 0 1000 1000\" xmlns=\"http:\/\/www.w3.org\/2000\/svg\"><path d=\"M646 125C629 125 613 133 604 142L308 442C296 454 292 471 292 487 292 504 296 521 308 533L604 854C617 867 629 875 646 875 663 875 679 871 692 858 704 846 713 829 713 812 713 796 708 779 692 767L438 487 692 225C700 217 708 204 708 187 708 171 704 154 692 142 675 129 663 125 646 125Z\"><\/path><\/svg>\t\t\t\t\t<\/div>\n\t\t\t\t\t<div class=\"elementor-swiper-button elementor-swiper-button-next\" role=\"button\" tabindex=\"0\">\n\t\t\t\t\t\t<svg aria-hidden=\"true\" class=\"e-font-icon-svg e-eicon-chevron-right\" viewBox=\"0 0 1000 1000\" xmlns=\"http:\/\/www.w3.org\/2000\/svg\"><path d=\"M696 533C708 521 713 504 713 487 713 471 708 454 696 446L400 146C388 133 375 125 354 125 338 125 325 129 313 142 300 154 292 171 292 187 292 204 296 221 308 233L563 492 304 771C292 783 288 800 288 817 288 833 296 850 308 863 321 871 338 875 354 875 371 875 388 867 400 854L696 533Z\"><\/path><\/svg>\t\t\t\t\t<\/div>\n\t\t\t\t\n\t\t\t\t\t\t\t\t\t<div class=\"swiper-pagination\"><\/div>\n\t\t\t\t\t\t\t\t\t<\/div>\n\t\t\t\t\t\t<\/div>\n\t\t\t\t<\/div>\n\t\t\t\t\t<\/div>\n\t\t\t\t<\/div>\n\t\t\t\t<\/div>\n\t\t","protected":false},"excerpt":{"rendered":"<p>Immobilienrenovierung In den letzten Jahren haben wir vielen unserer Hausbesitzer geholfen, ihr Zuhause zu verbessern, sei es von einem einzelnen Badezimmer bis hin zu einer kompletten Renovierung. In den letzten Jahren haben wir gute Arbeitsbeziehungen mit mehreren lokalen Unternehmen aufgebaut, die uns dabei helfen werden, etwas Neues und Sch\u00f6nes f\u00fcr unsere Hausbesitzer zu schaffen und [&hellip;]<\/p>\n","protected":false},"author":1,"featured_media":0,"parent":0,"menu_order":0,"comment_status":"closed","ping_status":"open","template":"","meta":{"content-type":"","footnotes":""},"class_list":["post-466","page","type-page","status-publish","hentry"],"_links":{"self":[{"href":"https:\/\/myhomeproperty.es\/de\/wp-json\/wp\/v2\/pages\/466","targetHints":{"allow":["GET"]}}],"collection":[{"href":"https:\/\/myhomeproperty.es\/de\/wp-json\/wp\/v2\/pages"}],"about":[{"href":"https:\/\/myhomeproperty.es\/de\/wp-json\/wp\/v2\/types\/page"}],"author":[{"embeddable":true,"href":"https:\/\/myhomeproperty.es\/de\/wp-json\/wp\/v2\/users\/1"}],"replies":[{"embeddable":true,"href":"https:\/\/myhomeproperty.es\/de\/wp-json\/wp\/v2\/comments?post=466"}],"version-history":[{"count":11,"href":"https:\/\/myhomeproperty.es\/de\/wp-json\/wp\/v2\/pages\/466\/revisions"}],"predecessor-version":[{"id":7905,"href":"https:\/\/myhomeproperty.es\/de\/wp-json\/wp\/v2\/pages\/466\/revisions\/7905"}],"wp:attachment":[{"href":"https:\/\/myhomeproperty.es\/de\/wp-json\/wp\/v2\/media?parent=466"}],"curies":[{"name":"wp","href":"https:\/\/api.w.org\/{rel}","templated":true}]}}