{"id":469,"date":"2024-06-18T07:23:50","date_gmt":"2024-06-18T07:23:50","guid":{"rendered":"https:\/\/myhomeproperty.es\/a-propos-de\/"},"modified":"2024-10-22T09:50:47","modified_gmt":"2024-10-22T09:50:47","slug":"reformes","status":"publish","type":"page","link":"https:\/\/myhomeproperty.es\/fr\/reformes\/","title":{"rendered":"R\u00e9formes"},"content":{"rendered":"\t\t<div data-elementor-type=\"wp-page\" data-elementor-id=\"469\" class=\"elementor elementor-469 elementor-57\">\n\t\t\t\t<div class=\"elementor-element elementor-element-6587bbe2 e-flex e-con-boxed e-con e-parent\" data-id=\"6587bbe2\" data-element_type=\"container\">\n\t\t\t\t\t<div class=\"e-con-inner\">\n\t\t\t\t\t<\/div>\n\t\t\t\t<\/div>\n\t\t<div class=\"elementor-element elementor-element-5794a93d e-flex e-con-boxed e-con e-parent\" data-id=\"5794a93d\" data-element_type=\"container\">\n\t\t\t\t\t<div class=\"e-con-inner\">\n\t\t\t\t<div class=\"elementor-element elementor-element-20c82d7a elementor-widget elementor-widget-image\" data-id=\"20c82d7a\" data-element_type=\"widget\" data-widget_type=\"image.default\">\n\t\t\t\t<div class=\"elementor-widget-container\">\n\t\t\t\t\t\t\t\t\t\t\t\t\t\t\t<img fetchpriority=\"high\" decoding=\"async\" width=\"600\" height=\"300\" src=\"https:\/\/myhomeproperty.es\/wp-content\/uploads\/2024\/07\/webs-empresa-reformas.png\" class=\"attachment-large size-large wp-image-2426\" alt=\"\" srcset=\"https:\/\/myhomeproperty.es\/wp-content\/uploads\/2024\/07\/webs-empresa-reformas.png 600w, https:\/\/myhomeproperty.es\/wp-content\/uploads\/2024\/07\/webs-empresa-reformas-300x150.png 300w, https:\/\/myhomeproperty.es\/wp-content\/uploads\/2024\/07\/webs-empresa-reformas-496x248.png 496w\" sizes=\"(max-width: 600px) 100vw, 600px\" \/>\t\t\t\t\t\t\t\t\t\t\t\t\t\t\t<\/div>\n\t\t\t\t<\/div>\n\t\t\t\t\t<\/div>\n\t\t\t\t<\/div>\n\t\t<div class=\"elementor-element elementor-element-2d1ae43e e-flex e-con-boxed e-con e-parent\" data-id=\"2d1ae43e\" data-element_type=\"container\">\n\t\t\t\t\t<div class=\"e-con-inner\">\n\t\t\t\t<div class=\"elementor-element elementor-element-455a3a93 elementor-widget elementor-widget-heading\" data-id=\"455a3a93\" data-element_type=\"widget\" data-widget_type=\"heading.default\">\n\t\t\t\t<div class=\"elementor-widget-container\">\n\t\t\t\t\t<h2 class=\"elementor-heading-title elementor-size-default\">R\u00e9novation immobili\u00e8re<\/h2>\t\t\t\t<\/div>\n\t\t\t\t<\/div>\n\t\t\t\t\t<\/div>\n\t\t\t\t<\/div>\n\t\t<div class=\"elementor-element elementor-element-396dd6c4 e-flex e-con-boxed e-con e-parent\" data-id=\"396dd6c4\" data-element_type=\"container\">\n\t\t\t\t\t<div class=\"e-con-inner\">\n\t\t\t\t<div class=\"elementor-element elementor-element-4fc5cd1c elementor-widget elementor-widget-text-editor\" data-id=\"4fc5cd1c\" data-element_type=\"widget\" data-widget_type=\"text-editor.default\">\n\t\t\t\t<div class=\"elementor-widget-container\">\n\t\t\t\t\t\t\t\t\t<p>Au cours des derni\u00e8res ann\u00e9es, nous avons aid\u00e9 plusieurs de nos propri\u00e9taires \u00e0 am\u00e9liorer leur maison, qu&#8217;il s&#8217;agisse d&#8217;une simple salle de bain ou d&#8217;une r\u00e9novation compl\u00e8te. Au cours de ces derni\u00e8res ann\u00e9es, nous avons d\u00e9velopp\u00e9 de bonnes relations de travail avec plusieurs entreprises locales qui nous aideront \u00e0 cr\u00e9er quelque chose de nouveau et de beau pour nos propri\u00e9taires, en ajoutant plus de confort et de valeur \u00e0 leur propri\u00e9t\u00e9.<\/p><p>Chez My Home Property Solutions, nous pensons que les maisons assument la personnalit\u00e9 des personnes qui y vivent et sont le reflet de leur vie. Et c&#8217;est pourquoi nous passons autant de temps \u00e0 conna\u00eetre nos clients. Nous n&#8217;arrivons pas \u00e0 une r\u00e9union pr\u00e9liminaire avec l&#8217;id\u00e9e : \u00ab Vont-ils acheter la maison ? Au lieu de cela, nous avons pens\u00e9 : \u00ab Pouvons-nous travailler ensemble ? Et quelle serait la meilleure fa\u00e7on de faire quelque chose de sp\u00e9cial ?<\/p><p><span style=\"text-align: var(--text-align);\">Apr\u00e8s tout, les am\u00e9liorations et les r\u00e9novations domiciliaires ne consistent pas seulement \u00e0 abattre un mur ou \u00e0 installer un nouvel \u00e9vier. Ce sont les d\u00e9cisions et les objectifs qui les sous-tendent qui nous motivent.<\/span><br><\/p><p><span style=\"text-align: var(--text-align);\">Nous proposons un service de r\u00e9novation sur mesure. Ainsi, que vous soyez au stade de l&#8217;id\u00e9ation ou que vous ayez d\u00e9j\u00e0 des plans, nous pouvons vous aider tout au long du processus, y compris les id\u00e9es de conception compl\u00e8tes, en contactant l&#8217;architecte si n\u00e9cessaire et les services de construction.<\/span><br><\/p><p><span style=\"text-align: var(--text-align);\">My Home Property Solutions, peut \u00eatre votre chef de projet personnellement assign\u00e9.<\/span><br><\/p><p><span style=\"text-align: var(--text-align);\">Parce que nous savons que votre maison est votre r\u00eave.<\/span><br><\/p>\t\t\t\t\t\t\t\t<\/div>\n\t\t\t\t<\/div>\n\t\t\t\t\t<\/div>\n\t\t\t\t<\/div>\n\t\t<div class=\"elementor-element elementor-element-cbfb6cd e-flex e-con-boxed e-con e-parent\" data-id=\"cbfb6cd\" data-element_type=\"container\">\n\t\t\t\t\t<div class=\"e-con-inner\">\n\t\t\t\t<div class=\"elementor-element elementor-element-8849f73 elementor-arrows-position-inside elementor-pagination-position-outside elementor-widget elementor-widget-image-carousel\" data-id=\"8849f73\" data-element_type=\"widget\" data-settings=\"{&quot;lazyload&quot;:&quot;yes&quot;,&quot;navigation&quot;:&quot;both&quot;,&quot;autoplay&quot;:&quot;yes&quot;,&quot;pause_on_hover&quot;:&quot;yes&quot;,&quot;pause_on_interaction&quot;:&quot;yes&quot;,&quot;autoplay_speed&quot;:5000,&quot;infinite&quot;:&quot;yes&quot;,&quot;speed&quot;:500}\" data-widget_type=\"image-carousel.default\">\n\t\t\t\t<div class=\"elementor-widget-container\">\n\t\t\t\t\t\t\t<div class=\"elementor-image-carousel-wrapper swiper\" role=\"region\" aria-roledescription=\"carousel\" aria-label=\"Carrousel d\u2019images\" dir=\"ltr\">\n\t\t\t<div class=\"elementor-image-carousel swiper-wrapper\" aria-live=\"off\">\n\t\t\t\t\t\t\t\t<div class=\"swiper-slide\" role=\"group\" aria-roledescription=\"slide\" aria-label=\"1 sur 24\"><figure class=\"swiper-slide-inner\"><img class=\"swiper-slide-image swiper-lazy\" data-src=\"https:\/\/myhomeproperty.es\/wp-content\/uploads\/2024\/10\/IMG_3416-scaled-1-584x438.jpeg\" alt=\"IMG_3416-scaled.jpeg\" \/><div class=\"swiper-lazy-preloader\"><\/div><\/figure><\/div><div class=\"swiper-slide\" role=\"group\" aria-roledescription=\"slide\" aria-label=\"2 sur 24\"><figure class=\"swiper-slide-inner\"><img class=\"swiper-slide-image swiper-lazy\" data-src=\"https:\/\/myhomeproperty.es\/wp-content\/uploads\/2024\/10\/IMG_1412-scaled-1-584x438.jpeg\" alt=\"IMG_1412-scaled.jpeg\" \/><div class=\"swiper-lazy-preloader\"><\/div><\/figure><\/div><div class=\"swiper-slide\" role=\"group\" aria-roledescription=\"slide\" aria-label=\"3 sur 24\"><figure class=\"swiper-slide-inner\"><img class=\"swiper-slide-image swiper-lazy\" data-src=\"https:\/\/myhomeproperty.es\/wp-content\/uploads\/2024\/10\/IMG_1274-scaled-1-584x438.jpeg\" alt=\"IMG_1274-scaled.jpeg\" \/><div class=\"swiper-lazy-preloader\"><\/div><\/figure><\/div><div class=\"swiper-slide\" role=\"group\" aria-roledescription=\"slide\" aria-label=\"4 sur 24\"><figure class=\"swiper-slide-inner\"><img class=\"swiper-slide-image swiper-lazy\" data-src=\"https:\/\/myhomeproperty.es\/wp-content\/uploads\/2024\/10\/IMG_1273-scaled-1-584x438.jpeg\" alt=\"IMG_1273-scaled.jpeg\" \/><div class=\"swiper-lazy-preloader\"><\/div><\/figure><\/div><div class=\"swiper-slide\" role=\"group\" aria-roledescription=\"slide\" aria-label=\"5 sur 24\"><figure class=\"swiper-slide-inner\"><img class=\"swiper-slide-image swiper-lazy\" data-src=\"https:\/\/myhomeproperty.es\/wp-content\/uploads\/2024\/10\/IMG_0559-scaled-1-584x438.jpeg\" alt=\"IMG_0559-scaled.jpeg\" \/><div class=\"swiper-lazy-preloader\"><\/div><\/figure><\/div><div class=\"swiper-slide\" role=\"group\" aria-roledescription=\"slide\" aria-label=\"6 sur 24\"><figure class=\"swiper-slide-inner\"><img class=\"swiper-slide-image swiper-lazy\" data-src=\"https:\/\/myhomeproperty.es\/wp-content\/uploads\/2024\/10\/990f1f03-9b04-49eb-a950-4431e77e6a47-1-584x438.jpeg\" alt=\"990f1f03-9b04-49eb-a950-4431e77e6a47.jpeg\" \/><div class=\"swiper-lazy-preloader\"><\/div><\/figure><\/div><div class=\"swiper-slide\" role=\"group\" aria-roledescription=\"slide\" aria-label=\"7 sur 24\"><figure class=\"swiper-slide-inner\"><img class=\"swiper-slide-image swiper-lazy\" data-src=\"https:\/\/myhomeproperty.es\/wp-content\/uploads\/2024\/10\/564a8ff9-cb2d-4bc8-8b89-19e3a23a9ed5-1-584x438.jpeg\" alt=\"564a8ff9-cb2d-4bc8-8b89-19e3a23a9ed5.jpeg\" \/><div class=\"swiper-lazy-preloader\"><\/div><\/figure><\/div><div class=\"swiper-slide\" role=\"group\" aria-roledescription=\"slide\" aria-label=\"8 sur 24\"><figure class=\"swiper-slide-inner\"><img class=\"swiper-slide-image swiper-lazy\" data-src=\"https:\/\/myhomeproperty.es\/wp-content\/uploads\/2024\/10\/437eb7e1-d3ad-41b6-822d-d671209ccecb-1-584x438.jpeg\" alt=\"437eb7e1-d3ad-41b6-822d-d671209ccecb.jpeg\" \/><div class=\"swiper-lazy-preloader\"><\/div><\/figure><\/div><div class=\"swiper-slide\" role=\"group\" aria-roledescription=\"slide\" aria-label=\"9 sur 24\"><figure class=\"swiper-slide-inner\"><img class=\"swiper-slide-image swiper-lazy\" data-src=\"https:\/\/myhomeproperty.es\/wp-content\/uploads\/2024\/10\/29c28151-e155-40d7-8e44-d94f38abde89-1-584x438.jpeg\" alt=\"29c28151-e155-40d7-8e44-d94f38abde89.jpeg\" \/><div class=\"swiper-lazy-preloader\"><\/div><\/figure><\/div><div class=\"swiper-slide\" role=\"group\" aria-roledescription=\"slide\" aria-label=\"10 sur 24\"><figure class=\"swiper-slide-inner\"><img class=\"swiper-slide-image swiper-lazy\" data-src=\"https:\/\/myhomeproperty.es\/wp-content\/uploads\/2024\/10\/2d4c5454-5f39-4ec0-9ca0-befab22b62da-1-584x438.jpeg\" alt=\"2d4c5454-5f39-4ec0-9ca0-befab22b62da.jpeg\" \/><div class=\"swiper-lazy-preloader\"><\/div><\/figure><\/div><div class=\"swiper-slide\" role=\"group\" aria-roledescription=\"slide\" aria-label=\"11 sur 24\"><figure class=\"swiper-slide-inner\"><img class=\"swiper-slide-image swiper-lazy\" data-src=\"https:\/\/myhomeproperty.es\/wp-content\/uploads\/2024\/10\/1b3cf83f-c364-4a1b-9f0b-2f42ded0e25a-1-584x438.jpeg\" alt=\"1b3cf83f-c364-4a1b-9f0b-2f42ded0e25a.jpeg\" \/><div class=\"swiper-lazy-preloader\"><\/div><\/figure><\/div><div class=\"swiper-slide\" role=\"group\" aria-roledescription=\"slide\" aria-label=\"12 sur 24\"><figure class=\"swiper-slide-inner\"><img class=\"swiper-slide-image swiper-lazy\" data-src=\"https:\/\/myhomeproperty.es\/wp-content\/uploads\/2024\/10\/IMG_9781-1-584x438.jpg\" alt=\"IMG_9781.jpg\" \/><div class=\"swiper-lazy-preloader\"><\/div><\/figure><\/div><div class=\"swiper-slide\" role=\"group\" aria-roledescription=\"slide\" aria-label=\"13 sur 24\"><figure class=\"swiper-slide-inner\"><img class=\"swiper-slide-image swiper-lazy\" data-src=\"https:\/\/myhomeproperty.es\/wp-content\/uploads\/2024\/10\/IMG_9360-scaled-2-584x438.jpg\" alt=\"IMG_9360-scaled.jpg\" \/><div class=\"swiper-lazy-preloader\"><\/div><\/figure><\/div><div class=\"swiper-slide\" role=\"group\" aria-roledescription=\"slide\" aria-label=\"14 sur 24\"><figure class=\"swiper-slide-inner\"><img class=\"swiper-slide-image swiper-lazy\" data-src=\"https:\/\/myhomeproperty.es\/wp-content\/uploads\/2024\/10\/IMG_9353-scaled-1-584x438.jpeg\" alt=\"IMG_9353-scaled.jpeg\" \/><div class=\"swiper-lazy-preloader\"><\/div><\/figure><\/div><div class=\"swiper-slide\" role=\"group\" aria-roledescription=\"slide\" aria-label=\"15 sur 24\"><figure class=\"swiper-slide-inner\"><img class=\"swiper-slide-image swiper-lazy\" data-src=\"https:\/\/myhomeproperty.es\/wp-content\/uploads\/2024\/10\/IMG_8769-scaled-1-584x438.jpeg\" alt=\"IMG_8769-scaled.jpeg\" \/><div class=\"swiper-lazy-preloader\"><\/div><\/figure><\/div><div class=\"swiper-slide\" role=\"group\" aria-roledescription=\"slide\" aria-label=\"16 sur 24\"><figure class=\"swiper-slide-inner\"><img class=\"swiper-slide-image swiper-lazy\" data-src=\"https:\/\/myhomeproperty.es\/wp-content\/uploads\/2024\/10\/IMG_8768-scaled-1-584x438.jpeg\" alt=\"IMG_8768-scaled.jpeg\" \/><div class=\"swiper-lazy-preloader\"><\/div><\/figure><\/div><div class=\"swiper-slide\" role=\"group\" aria-roledescription=\"slide\" aria-label=\"17 sur 24\"><figure class=\"swiper-slide-inner\"><img class=\"swiper-slide-image swiper-lazy\" data-src=\"https:\/\/myhomeproperty.es\/wp-content\/uploads\/2024\/10\/IMG_8767-scaled-2-584x438.jpeg\" alt=\"IMG_8767-scaled.jpeg\" \/><div class=\"swiper-lazy-preloader\"><\/div><\/figure><\/div><div class=\"swiper-slide\" role=\"group\" aria-roledescription=\"slide\" aria-label=\"18 sur 24\"><figure class=\"swiper-slide-inner\"><img class=\"swiper-slide-image swiper-lazy\" data-src=\"https:\/\/myhomeproperty.es\/wp-content\/uploads\/2024\/10\/IMG_4161-2-584x438.jpeg\" alt=\"IMG_4161.jpeg\" \/><div class=\"swiper-lazy-preloader\"><\/div><\/figure><\/div><div class=\"swiper-slide\" role=\"group\" aria-roledescription=\"slide\" aria-label=\"19 sur 24\"><figure class=\"swiper-slide-inner\"><img class=\"swiper-slide-image swiper-lazy\" data-src=\"https:\/\/myhomeproperty.es\/wp-content\/uploads\/2024\/10\/IMG_3993-scaled-1-584x438.jpeg\" alt=\"IMG_3993-scaled.jpeg\" \/><div class=\"swiper-lazy-preloader\"><\/div><\/figure><\/div><div class=\"swiper-slide\" role=\"group\" aria-roledescription=\"slide\" aria-label=\"20 sur 24\"><figure class=\"swiper-slide-inner\"><img class=\"swiper-slide-image swiper-lazy\" data-src=\"https:\/\/myhomeproperty.es\/wp-content\/uploads\/2024\/10\/IMG_3485-scaled-1-584x438.jpeg\" alt=\"IMG_3485-scaled.jpeg\" \/><div class=\"swiper-lazy-preloader\"><\/div><\/figure><\/div><div class=\"swiper-slide\" role=\"group\" aria-roledescription=\"slide\" aria-label=\"21 sur 24\"><figure class=\"swiper-slide-inner\"><img class=\"swiper-slide-image swiper-lazy\" data-src=\"https:\/\/myhomeproperty.es\/wp-content\/uploads\/2024\/10\/IMG_3477-scaled-1-584x438.jpeg\" alt=\"IMG_3477-scaled.jpeg\" \/><div class=\"swiper-lazy-preloader\"><\/div><\/figure><\/div><div class=\"swiper-slide\" role=\"group\" aria-roledescription=\"slide\" aria-label=\"22 sur 24\"><figure class=\"swiper-slide-inner\"><img class=\"swiper-slide-image swiper-lazy\" data-src=\"https:\/\/myhomeproperty.es\/wp-content\/uploads\/2024\/10\/IMG_3472-scaled-1-584x438.jpeg\" alt=\"IMG_3472-scaled.jpeg\" \/><div class=\"swiper-lazy-preloader\"><\/div><\/figure><\/div><div class=\"swiper-slide\" role=\"group\" aria-roledescription=\"slide\" aria-label=\"23 sur 24\"><figure class=\"swiper-slide-inner\"><img class=\"swiper-slide-image swiper-lazy\" data-src=\"https:\/\/myhomeproperty.es\/wp-content\/uploads\/2024\/10\/IMG_3468-scaled-1-584x438.jpeg\" alt=\"IMG_3468-scaled.jpeg\" \/><div class=\"swiper-lazy-preloader\"><\/div><\/figure><\/div><div class=\"swiper-slide\" role=\"group\" aria-roledescription=\"slide\" aria-label=\"24 sur 24\"><figure class=\"swiper-slide-inner\"><img class=\"swiper-slide-image swiper-lazy\" data-src=\"https:\/\/myhomeproperty.es\/wp-content\/uploads\/2024\/10\/IMG_3051-scaled-1-584x438.jpeg\" alt=\"IMG_3051-scaled.jpeg\" \/><div class=\"swiper-lazy-preloader\"><\/div><\/figure><\/div>\t\t\t<\/div>\n\t\t\t\t\t\t\t\t\t\t\t\t<div class=\"elementor-swiper-button elementor-swiper-button-prev\" role=\"button\" tabindex=\"0\">\n\t\t\t\t\t\t<svg aria-hidden=\"true\" class=\"e-font-icon-svg e-eicon-chevron-left\" viewBox=\"0 0 1000 1000\" xmlns=\"http:\/\/www.w3.org\/2000\/svg\"><path d=\"M646 125C629 125 613 133 604 142L308 442C296 454 292 471 292 487 292 504 296 521 308 533L604 854C617 867 629 875 646 875 663 875 679 871 692 858 704 846 713 829 713 812 713 796 708 779 692 767L438 487 692 225C700 217 708 204 708 187 708 171 704 154 692 142 675 129 663 125 646 125Z\"><\/path><\/svg>\t\t\t\t\t<\/div>\n\t\t\t\t\t<div class=\"elementor-swiper-button elementor-swiper-button-next\" role=\"button\" tabindex=\"0\">\n\t\t\t\t\t\t<svg aria-hidden=\"true\" class=\"e-font-icon-svg e-eicon-chevron-right\" viewBox=\"0 0 1000 1000\" xmlns=\"http:\/\/www.w3.org\/2000\/svg\"><path d=\"M696 533C708 521 713 504 713 487 713 471 708 454 696 446L400 146C388 133 375 125 354 125 338 125 325 129 313 142 300 154 292 171 292 187 292 204 296 221 308 233L563 492 304 771C292 783 288 800 288 817 288 833 296 850 308 863 321 871 338 875 354 875 371 875 388 867 400 854L696 533Z\"><\/path><\/svg>\t\t\t\t\t<\/div>\n\t\t\t\t\n\t\t\t\t\t\t\t\t\t<div class=\"swiper-pagination\"><\/div>\n\t\t\t\t\t\t\t\t\t<\/div>\n\t\t\t\t\t\t<\/div>\n\t\t\t\t<\/div>\n\t\t\t\t\t<\/div>\n\t\t\t\t<\/div>\n\t\t\t\t<\/div>\n\t\t","protected":false},"excerpt":{"rendered":"<p>R\u00e9novation immobili\u00e8re Au cours des derni\u00e8res ann\u00e9es, nous avons aid\u00e9 plusieurs de nos propri\u00e9taires \u00e0 am\u00e9liorer leur maison, qu&#8217;il s&#8217;agisse d&#8217;une simple salle de bain ou d&#8217;une r\u00e9novation compl\u00e8te. Au cours de ces derni\u00e8res ann\u00e9es, nous avons d\u00e9velopp\u00e9 de bonnes relations de travail avec plusieurs entreprises locales qui nous aideront \u00e0 cr\u00e9er quelque chose de [&hellip;]<\/p>\n","protected":false},"author":1,"featured_media":0,"parent":0,"menu_order":0,"comment_status":"closed","ping_status":"closed","template":"","meta":{"content-type":"","footnotes":""},"class_list":["post-469","page","type-page","status-publish","hentry"],"_links":{"self":[{"href":"https:\/\/myhomeproperty.es\/fr\/wp-json\/wp\/v2\/pages\/469","targetHints":{"allow":["GET"]}}],"collection":[{"href":"https:\/\/myhomeproperty.es\/fr\/wp-json\/wp\/v2\/pages"}],"about":[{"href":"https:\/\/myhomeproperty.es\/fr\/wp-json\/wp\/v2\/types\/page"}],"author":[{"embeddable":true,"href":"https:\/\/myhomeproperty.es\/fr\/wp-json\/wp\/v2\/users\/1"}],"replies":[{"embeddable":true,"href":"https:\/\/myhomeproperty.es\/fr\/wp-json\/wp\/v2\/comments?post=469"}],"version-history":[{"count":14,"href":"https:\/\/myhomeproperty.es\/fr\/wp-json\/wp\/v2\/pages\/469\/revisions"}],"predecessor-version":[{"id":7899,"href":"https:\/\/myhomeproperty.es\/fr\/wp-json\/wp\/v2\/pages\/469\/revisions\/7899"}],"wp:attachment":[{"href":"https:\/\/myhomeproperty.es\/fr\/wp-json\/wp\/v2\/media?parent=469"}],"curies":[{"name":"wp","href":"https:\/\/api.w.org\/{rel}","templated":true}]}}