{"id":524,"date":"2024-06-18T07:23:50","date_gmt":"2024-06-18T07:23:50","guid":{"rendered":"https:\/\/myhomeproperty.es\/acerca-de\/"},"modified":"2024-10-22T09:45:29","modified_gmt":"2024-10-22T09:45:29","slug":"reformas","status":"publish","type":"page","link":"https:\/\/myhomeproperty.es\/?page_id=524","title":{"rendered":"Reformas"},"content":{"rendered":"\t\t<div data-elementor-type=\"wp-page\" data-elementor-id=\"524\" class=\"elementor elementor-524 elementor-57\">\n\t\t\t\t<div class=\"elementor-element elementor-element-4dd9f06 e-flex e-con-boxed e-con e-parent\" data-id=\"4dd9f06\" data-element_type=\"container\" data-e-type=\"container\">\n\t\t\t\t\t<div class=\"e-con-inner\">\n\t\t\t\t<div class=\"elementor-element elementor-element-6f5d550 elementor-widget elementor-widget-image\" data-id=\"6f5d550\" data-element_type=\"widget\" data-e-type=\"widget\" data-widget_type=\"image.default\">\n\t\t\t\t<div class=\"elementor-widget-container\">\n\t\t\t\t\t\t\t\t\t\t\t\t\t\t\t<img fetchpriority=\"high\" decoding=\"async\" width=\"600\" height=\"300\" src=\"https:\/\/myhomeproperty.es\/wp-content\/uploads\/2024\/07\/webs-empresa-reformas.png\" class=\"attachment-large size-large wp-image-2426\" alt=\"\" srcset=\"https:\/\/myhomeproperty.es\/wp-content\/uploads\/2024\/07\/webs-empresa-reformas.png 600w, https:\/\/myhomeproperty.es\/wp-content\/uploads\/2024\/07\/webs-empresa-reformas-300x150.png 300w, https:\/\/myhomeproperty.es\/wp-content\/uploads\/2024\/07\/webs-empresa-reformas-496x248.png 496w\" sizes=\"(max-width: 600px) 100vw, 600px\" \/>\t\t\t\t\t\t\t\t\t\t\t\t\t\t\t<\/div>\n\t\t\t\t<\/div>\n\t\t\t\t\t<\/div>\n\t\t\t\t<\/div>\n\t\t<div class=\"elementor-element elementor-element-c825f8e e-flex e-con-boxed e-con e-parent\" data-id=\"c825f8e\" data-element_type=\"container\" data-e-type=\"container\">\n\t\t\t\t\t<div class=\"e-con-inner\">\n\t\t\t\t<div class=\"elementor-element elementor-element-071be05 elementor-widget elementor-widget-heading\" data-id=\"071be05\" data-element_type=\"widget\" data-e-type=\"widget\" data-widget_type=\"heading.default\">\n\t\t\t\t<div class=\"elementor-widget-container\">\n\t\t\t\t\t<h2 class=\"elementor-heading-title elementor-size-default\">Reformas<\/h2>\t\t\t\t<\/div>\n\t\t\t\t<\/div>\n\t\t\t\t\t<\/div>\n\t\t\t\t<\/div>\n\t\t<div class=\"elementor-element elementor-element-ddef8f5 e-flex e-con-boxed e-con e-parent\" data-id=\"ddef8f5\" data-element_type=\"container\" data-e-type=\"container\">\n\t\t\t\t\t<div class=\"e-con-inner\">\n\t\t\t\t<div class=\"elementor-element elementor-element-d3ed1eb elementor-widget elementor-widget-text-editor\" data-id=\"d3ed1eb\" data-element_type=\"widget\" data-e-type=\"widget\" data-widget_type=\"text-editor.default\">\n\t\t\t\t<div class=\"elementor-widget-container\">\n\t\t\t\t\t\t\t\t\t<p>En los \u00faltimos a\u00f1os hemos ayudado a muchos de nuestros propietarios a mejorar su hogar, ya sea desde un solo ba\u00f1o hasta una renovaci\u00f3n completa. Durante estos \u00faltimos a\u00f1os hemos desarrollado buenas relaciones de trabajo con varias empresas locales que nos ayudar\u00e1n a hacer algo nuevo y hermoso para nuestros propietarios agregando m\u00e1s comodidad y valor a su propiedad<\/p><p>En My Home Property Solutions creemos que las casas adquieren la personalidad de las personas que las habitan y son un reflejo de sus vidas. Y es por eso que dedicamos tanto tiempo a conocer a nuestros clientes. No llegamos a ninguna reuni\u00f3n preliminar con la mentalidad de: &#8220;\u00bfComprar\u00e1n la vivienda?&#8221; En lugar de eso pensamos: \u201c\u00bfPodemos trabajar juntos? y \u00bfCu\u00e1l ser\u00eda la mejor manera de hacer algo especial?<\/p><p>Despu\u00e9s de todo, las mejoras y remodelaciones del hogar no se tratan solo de derribar una pared o instalar un fregadero nuevo. Son las decisiones y los objetivos detr\u00e1s de ellas lo que nos impulsa.<\/p><p>Ofrecemos un servicio de renovaci\u00f3n a medida, por lo que, ya sea que est\u00e9 en la etapa de aportar ideas o ya tenga planes, podemos ayudarlo durante todo el proceso, incluidas las ideas de dise\u00f1o completas, el contacto con el arquitecto cuando sea necesario y los servicios de construcci\u00f3n.<\/p><p>My Home Property Solutions, puede ser su gerente de proyecto asignado personalmente.<\/p><p>Porque sabemos que tu casa es tu sue\u00f1o.<\/p>\t\t\t\t\t\t\t\t<\/div>\n\t\t\t\t<\/div>\n\t\t\t\t\t<\/div>\n\t\t\t\t<\/div>\n\t\t<div class=\"elementor-element elementor-element-78efd39 e-flex e-con-boxed e-con e-parent\" data-id=\"78efd39\" data-element_type=\"container\" data-e-type=\"container\">\n\t\t\t\t\t<div class=\"e-con-inner\">\n\t\t\t\t<div class=\"elementor-element elementor-element-81ba0a4 elementor-arrows-position-inside elementor-pagination-position-outside elementor-widget elementor-widget-image-carousel\" data-id=\"81ba0a4\" data-element_type=\"widget\" data-e-type=\"widget\" data-settings=\"{&quot;lazyload&quot;:&quot;yes&quot;,&quot;navigation&quot;:&quot;both&quot;,&quot;autoplay&quot;:&quot;yes&quot;,&quot;pause_on_hover&quot;:&quot;yes&quot;,&quot;pause_on_interaction&quot;:&quot;yes&quot;,&quot;autoplay_speed&quot;:5000,&quot;infinite&quot;:&quot;yes&quot;,&quot;speed&quot;:500}\" data-widget_type=\"image-carousel.default\">\n\t\t\t\t<div class=\"elementor-widget-container\">\n\t\t\t\t\t\t\t<div class=\"elementor-image-carousel-wrapper swiper\" role=\"region\" aria-roledescription=\"carousel\" aria-label=\"Carrusel de im\u00e1genes\" dir=\"ltr\">\n\t\t\t<div class=\"elementor-image-carousel swiper-wrapper\" aria-live=\"off\">\n\t\t\t\t\t\t\t\t<div class=\"swiper-slide\" role=\"group\" aria-roledescription=\"slide\" aria-label=\"1 de 36\"><figure class=\"swiper-slide-inner\"><img class=\"swiper-slide-image swiper-lazy\" data-src=\"https:\/\/myhomeproperty.es\/wp-content\/uploads\/2024\/10\/IMG_3416-584x438.jpeg\" alt=\"IMG_3416\" \/><div class=\"swiper-lazy-preloader\"><\/div><\/figure><\/div><div class=\"swiper-slide\" role=\"group\" aria-roledescription=\"slide\" aria-label=\"2 de 36\"><figure class=\"swiper-slide-inner\"><img class=\"swiper-slide-image swiper-lazy\" data-src=\"https:\/\/myhomeproperty.es\/wp-content\/uploads\/2024\/10\/IMG_1412-584x438.jpeg\" alt=\"IMG_1412\" \/><div class=\"swiper-lazy-preloader\"><\/div><\/figure><\/div><div class=\"swiper-slide\" role=\"group\" aria-roledescription=\"slide\" aria-label=\"3 de 36\"><figure class=\"swiper-slide-inner\"><img class=\"swiper-slide-image swiper-lazy\" data-src=\"https:\/\/myhomeproperty.es\/wp-content\/uploads\/2024\/10\/IMG_1274-584x438.jpeg\" alt=\"IMG_1274\" \/><div class=\"swiper-lazy-preloader\"><\/div><\/figure><\/div><div class=\"swiper-slide\" role=\"group\" aria-roledescription=\"slide\" aria-label=\"4 de 36\"><figure class=\"swiper-slide-inner\"><img class=\"swiper-slide-image swiper-lazy\" data-src=\"https:\/\/myhomeproperty.es\/wp-content\/uploads\/2024\/10\/IMG_1273-584x438.jpeg\" alt=\"IMG_1273\" \/><div class=\"swiper-lazy-preloader\"><\/div><\/figure><\/div><div class=\"swiper-slide\" role=\"group\" aria-roledescription=\"slide\" aria-label=\"5 de 36\"><figure class=\"swiper-slide-inner\"><img class=\"swiper-slide-image swiper-lazy\" data-src=\"https:\/\/myhomeproperty.es\/wp-content\/uploads\/2024\/10\/IMG_0559-584x438.jpeg\" alt=\"IMG_0559\" \/><div class=\"swiper-lazy-preloader\"><\/div><\/figure><\/div><div class=\"swiper-slide\" role=\"group\" aria-roledescription=\"slide\" aria-label=\"6 de 36\"><figure class=\"swiper-slide-inner\"><img class=\"swiper-slide-image swiper-lazy\" data-src=\"https:\/\/myhomeproperty.es\/wp-content\/uploads\/2024\/10\/990f1f03-9b04-49eb-a950-4431e77e6a47-584x438.jpeg\" alt=\"990f1f03-9b04-49eb-a950-4431e77e6a47\" \/><div class=\"swiper-lazy-preloader\"><\/div><\/figure><\/div><div class=\"swiper-slide\" role=\"group\" aria-roledescription=\"slide\" aria-label=\"7 de 36\"><figure class=\"swiper-slide-inner\"><img class=\"swiper-slide-image swiper-lazy\" data-src=\"https:\/\/myhomeproperty.es\/wp-content\/uploads\/2024\/10\/564a8ff9-cb2d-4bc8-8b89-19e3a23a9ed5-584x438.jpeg\" alt=\"564a8ff9-cb2d-4bc8-8b89-19e3a23a9ed5\" \/><div class=\"swiper-lazy-preloader\"><\/div><\/figure><\/div><div class=\"swiper-slide\" role=\"group\" aria-roledescription=\"slide\" aria-label=\"8 de 36\"><figure class=\"swiper-slide-inner\"><img class=\"swiper-slide-image swiper-lazy\" data-src=\"https:\/\/myhomeproperty.es\/wp-content\/uploads\/2024\/10\/437eb7e1-d3ad-41b6-822d-d671209ccecb-584x438.jpeg\" alt=\"437eb7e1-d3ad-41b6-822d-d671209ccecb\" \/><div class=\"swiper-lazy-preloader\"><\/div><\/figure><\/div><div class=\"swiper-slide\" role=\"group\" aria-roledescription=\"slide\" aria-label=\"9 de 36\"><figure class=\"swiper-slide-inner\"><img class=\"swiper-slide-image swiper-lazy\" data-src=\"https:\/\/myhomeproperty.es\/wp-content\/uploads\/2024\/10\/29c28151-e155-40d7-8e44-d94f38abde89-584x438.jpeg\" alt=\"29c28151-e155-40d7-8e44-d94f38abde89\" \/><div class=\"swiper-lazy-preloader\"><\/div><\/figure><\/div><div class=\"swiper-slide\" role=\"group\" aria-roledescription=\"slide\" aria-label=\"10 de 36\"><figure class=\"swiper-slide-inner\"><img class=\"swiper-slide-image swiper-lazy\" data-src=\"https:\/\/myhomeproperty.es\/wp-content\/uploads\/2024\/10\/2d4c5454-5f39-4ec0-9ca0-befab22b62da-584x438.jpeg\" alt=\"2d4c5454-5f39-4ec0-9ca0-befab22b62da\" \/><div class=\"swiper-lazy-preloader\"><\/div><\/figure><\/div><div class=\"swiper-slide\" role=\"group\" aria-roledescription=\"slide\" aria-label=\"11 de 36\"><figure class=\"swiper-slide-inner\"><img class=\"swiper-slide-image swiper-lazy\" data-src=\"https:\/\/myhomeproperty.es\/wp-content\/uploads\/2024\/10\/1b3cf83f-c364-4a1b-9f0b-2f42ded0e25a-584x438.jpeg\" alt=\"1b3cf83f-c364-4a1b-9f0b-2f42ded0e25a\" \/><div class=\"swiper-lazy-preloader\"><\/div><\/figure><\/div><div class=\"swiper-slide\" role=\"group\" aria-roledescription=\"slide\" aria-label=\"12 de 36\"><figure class=\"swiper-slide-inner\"><img class=\"swiper-slide-image swiper-lazy\" data-src=\"https:\/\/myhomeproperty.es\/wp-content\/uploads\/2024\/10\/IMG_9781-584x438.jpg\" alt=\"IMG_9781\" \/><div class=\"swiper-lazy-preloader\"><\/div><\/figure><\/div><div class=\"swiper-slide\" role=\"group\" aria-roledescription=\"slide\" aria-label=\"13 de 36\"><figure class=\"swiper-slide-inner\"><img class=\"swiper-slide-image swiper-lazy\" data-src=\"https:\/\/myhomeproperty.es\/wp-content\/uploads\/2024\/10\/IMG_9360-584x438.jpg\" alt=\"IMG_9360\" \/><div class=\"swiper-lazy-preloader\"><\/div><\/figure><\/div><div class=\"swiper-slide\" role=\"group\" aria-roledescription=\"slide\" aria-label=\"14 de 36\"><figure class=\"swiper-slide-inner\"><img class=\"swiper-slide-image swiper-lazy\" data-src=\"https:\/\/myhomeproperty.es\/wp-content\/uploads\/2024\/10\/IMG_9353-584x438.jpeg\" alt=\"IMG_9353\" \/><div class=\"swiper-lazy-preloader\"><\/div><\/figure><\/div><div class=\"swiper-slide\" role=\"group\" aria-roledescription=\"slide\" aria-label=\"15 de 36\"><figure class=\"swiper-slide-inner\"><img class=\"swiper-slide-image swiper-lazy\" data-src=\"https:\/\/myhomeproperty.es\/wp-content\/uploads\/2024\/10\/IMG_8769-584x438.jpeg\" alt=\"IMG_8769\" \/><div class=\"swiper-lazy-preloader\"><\/div><\/figure><\/div><div class=\"swiper-slide\" role=\"group\" aria-roledescription=\"slide\" aria-label=\"16 de 36\"><figure class=\"swiper-slide-inner\"><img class=\"swiper-slide-image swiper-lazy\" data-src=\"https:\/\/myhomeproperty.es\/wp-content\/uploads\/2024\/10\/IMG_8768-584x438.jpeg\" alt=\"IMG_8768\" \/><div class=\"swiper-lazy-preloader\"><\/div><\/figure><\/div><div class=\"swiper-slide\" role=\"group\" aria-roledescription=\"slide\" aria-label=\"17 de 36\"><figure class=\"swiper-slide-inner\"><img class=\"swiper-slide-image swiper-lazy\" data-src=\"https:\/\/myhomeproperty.es\/wp-content\/uploads\/2024\/10\/IMG_8767-584x438.jpeg\" alt=\"IMG_8767\" \/><div class=\"swiper-lazy-preloader\"><\/div><\/figure><\/div><div class=\"swiper-slide\" role=\"group\" aria-roledescription=\"slide\" aria-label=\"18 de 36\"><figure class=\"swiper-slide-inner\"><img class=\"swiper-slide-image swiper-lazy\" data-src=\"https:\/\/myhomeproperty.es\/wp-content\/uploads\/2024\/10\/IMG_4161-584x438.jpeg\" alt=\"IMG_4161\" \/><div class=\"swiper-lazy-preloader\"><\/div><\/figure><\/div><div class=\"swiper-slide\" role=\"group\" aria-roledescription=\"slide\" aria-label=\"19 de 36\"><figure class=\"swiper-slide-inner\"><img class=\"swiper-slide-image swiper-lazy\" data-src=\"https:\/\/myhomeproperty.es\/wp-content\/uploads\/2024\/10\/IMG_3993-584x438.jpeg\" alt=\"IMG_3993\" \/><div class=\"swiper-lazy-preloader\"><\/div><\/figure><\/div><div class=\"swiper-slide\" role=\"group\" aria-roledescription=\"slide\" aria-label=\"20 de 36\"><figure class=\"swiper-slide-inner\"><img class=\"swiper-slide-image swiper-lazy\" data-src=\"https:\/\/myhomeproperty.es\/wp-content\/uploads\/2024\/10\/IMG_3485-584x438.jpeg\" alt=\"IMG_3485\" \/><div class=\"swiper-lazy-preloader\"><\/div><\/figure><\/div><div class=\"swiper-slide\" role=\"group\" aria-roledescription=\"slide\" aria-label=\"21 de 36\"><figure class=\"swiper-slide-inner\"><img class=\"swiper-slide-image swiper-lazy\" data-src=\"https:\/\/myhomeproperty.es\/wp-content\/uploads\/2024\/10\/IMG_3477-584x438.jpeg\" alt=\"IMG_3477\" \/><div class=\"swiper-lazy-preloader\"><\/div><\/figure><\/div><div class=\"swiper-slide\" role=\"group\" aria-roledescription=\"slide\" aria-label=\"22 de 36\"><figure class=\"swiper-slide-inner\"><img class=\"swiper-slide-image swiper-lazy\" data-src=\"https:\/\/myhomeproperty.es\/wp-content\/uploads\/2024\/10\/IMG_3472-584x438.jpeg\" alt=\"IMG_3472\" \/><div class=\"swiper-lazy-preloader\"><\/div><\/figure><\/div><div class=\"swiper-slide\" role=\"group\" aria-roledescription=\"slide\" aria-label=\"23 de 36\"><figure class=\"swiper-slide-inner\"><img class=\"swiper-slide-image swiper-lazy\" data-src=\"https:\/\/myhomeproperty.es\/wp-content\/uploads\/2024\/10\/IMG_3468-584x438.jpeg\" alt=\"IMG_3468\" \/><div class=\"swiper-lazy-preloader\"><\/div><\/figure><\/div><div class=\"swiper-slide\" role=\"group\" aria-roledescription=\"slide\" aria-label=\"24 de 36\"><figure class=\"swiper-slide-inner\"><img class=\"swiper-slide-image swiper-lazy\" data-src=\"https:\/\/myhomeproperty.es\/wp-content\/uploads\/2024\/10\/IMG_3051-584x438.jpeg\" alt=\"IMG_3051\" \/><div class=\"swiper-lazy-preloader\"><\/div><\/figure><\/div><div class=\"swiper-slide\" role=\"group\" aria-roledescription=\"slide\" aria-label=\"25 de 36\"><figure class=\"swiper-slide-inner\"><img class=\"swiper-slide-image swiper-lazy\" data-src=\"https:\/\/myhomeproperty.es\/wp-content\/uploads\/2024\/10\/IMG_2805-584x438.jpeg\" alt=\"IMG_2805\" \/><div class=\"swiper-lazy-preloader\"><\/div><\/figure><\/div><div class=\"swiper-slide\" role=\"group\" aria-roledescription=\"slide\" aria-label=\"26 de 36\"><figure class=\"swiper-slide-inner\"><img class=\"swiper-slide-image swiper-lazy\" data-src=\"https:\/\/myhomeproperty.es\/wp-content\/uploads\/2024\/10\/IMG_2765-584x438.jpeg\" alt=\"IMG_2765\" \/><div class=\"swiper-lazy-preloader\"><\/div><\/figure><\/div><div class=\"swiper-slide\" role=\"group\" aria-roledescription=\"slide\" aria-label=\"27 de 36\"><figure class=\"swiper-slide-inner\"><img class=\"swiper-slide-image swiper-lazy\" data-src=\"https:\/\/myhomeproperty.es\/wp-content\/uploads\/2024\/10\/IMG_2524-584x438.jpeg\" alt=\"IMG_2524\" \/><div class=\"swiper-lazy-preloader\"><\/div><\/figure><\/div><div class=\"swiper-slide\" role=\"group\" aria-roledescription=\"slide\" aria-label=\"28 de 36\"><figure class=\"swiper-slide-inner\"><img class=\"swiper-slide-image swiper-lazy\" data-src=\"https:\/\/myhomeproperty.es\/wp-content\/uploads\/2024\/10\/IMG_1798-584x438.jpeg\" alt=\"IMG_1798\" \/><div class=\"swiper-lazy-preloader\"><\/div><\/figure><\/div><div class=\"swiper-slide\" role=\"group\" aria-roledescription=\"slide\" aria-label=\"29 de 36\"><figure class=\"swiper-slide-inner\"><img class=\"swiper-slide-image swiper-lazy\" data-src=\"https:\/\/myhomeproperty.es\/wp-content\/uploads\/2024\/10\/f050d68f-eb56-4604-979b-78b90ed3c56f-584x438.jpeg\" alt=\"f050d68f-eb56-4604-979b-78b90ed3c56f\" \/><div class=\"swiper-lazy-preloader\"><\/div><\/figure><\/div><div class=\"swiper-slide\" role=\"group\" aria-roledescription=\"slide\" aria-label=\"30 de 36\"><figure class=\"swiper-slide-inner\"><img class=\"swiper-slide-image swiper-lazy\" data-src=\"https:\/\/myhomeproperty.es\/wp-content\/uploads\/2024\/10\/c5fc7d84-a3bd-4b17-93fe-6b7c8135019d-584x438.jpg\" alt=\"c5fc7d84-a3bd-4b17-93fe-6b7c8135019d\" \/><div class=\"swiper-lazy-preloader\"><\/div><\/figure><\/div><div class=\"swiper-slide\" role=\"group\" aria-roledescription=\"slide\" aria-label=\"31 de 36\"><figure class=\"swiper-slide-inner\"><img class=\"swiper-slide-image swiper-lazy\" data-src=\"https:\/\/myhomeproperty.es\/wp-content\/uploads\/2024\/10\/a05dabce-4e9d-453e-8c89-3cb43837fc75-584x438.jpeg\" alt=\"a05dabce-4e9d-453e-8c89-3cb43837fc75\" \/><div class=\"swiper-lazy-preloader\"><\/div><\/figure><\/div><div class=\"swiper-slide\" role=\"group\" aria-roledescription=\"slide\" aria-label=\"32 de 36\"><figure class=\"swiper-slide-inner\"><img class=\"swiper-slide-image swiper-lazy\" data-src=\"https:\/\/myhomeproperty.es\/wp-content\/uploads\/2024\/10\/59403486-2c73-4770-ad22-a622e4276785-584x438.jpeg\" alt=\"59403486-2c73-4770-ad22-a622e4276785\" \/><div class=\"swiper-lazy-preloader\"><\/div><\/figure><\/div><div class=\"swiper-slide\" role=\"group\" aria-roledescription=\"slide\" aria-label=\"33 de 36\"><figure class=\"swiper-slide-inner\"><img class=\"swiper-slide-image swiper-lazy\" data-src=\"https:\/\/myhomeproperty.es\/wp-content\/uploads\/2024\/10\/992f3fb5-3719-4bff-bece-640ab92e6e55-584x438.jpeg\" alt=\"992f3fb5-3719-4bff-bece-640ab92e6e55\" \/><div class=\"swiper-lazy-preloader\"><\/div><\/figure><\/div><div class=\"swiper-slide\" role=\"group\" aria-roledescription=\"slide\" aria-label=\"34 de 36\"><figure class=\"swiper-slide-inner\"><img class=\"swiper-slide-image swiper-lazy\" data-src=\"https:\/\/myhomeproperty.es\/wp-content\/uploads\/2024\/10\/64f1002b-ac5a-43ed-8395-b77b96ea5b40-584x438.jpeg\" alt=\"64f1002b-ac5a-43ed-8395-b77b96ea5b40\" \/><div class=\"swiper-lazy-preloader\"><\/div><\/figure><\/div><div class=\"swiper-slide\" role=\"group\" aria-roledescription=\"slide\" aria-label=\"35 de 36\"><figure class=\"swiper-slide-inner\"><img class=\"swiper-slide-image swiper-lazy\" data-src=\"https:\/\/myhomeproperty.es\/wp-content\/uploads\/2024\/10\/7b2d76d3-2626-48a7-abd2-ac98df51434d-584x438.jpg\" alt=\"7b2d76d3-2626-48a7-abd2-ac98df51434d\" \/><div class=\"swiper-lazy-preloader\"><\/div><\/figure><\/div><div class=\"swiper-slide\" role=\"group\" aria-roledescription=\"slide\" aria-label=\"36 de 36\"><figure class=\"swiper-slide-inner\"><img class=\"swiper-slide-image swiper-lazy\" data-src=\"https:\/\/myhomeproperty.es\/wp-content\/uploads\/2024\/10\/4bc62662-6e4f-47d8-be6d-a687d3001aac-584x438.jpeg\" alt=\"4bc62662-6e4f-47d8-be6d-a687d3001aac\" \/><div class=\"swiper-lazy-preloader\"><\/div><\/figure><\/div>\t\t\t<\/div>\n\t\t\t\t\t\t\t\t\t\t\t\t<div class=\"elementor-swiper-button elementor-swiper-button-prev\" role=\"button\" tabindex=\"0\">\n\t\t\t\t\t\t<svg aria-hidden=\"true\" class=\"e-font-icon-svg e-eicon-chevron-left\" viewBox=\"0 0 1000 1000\" xmlns=\"http:\/\/www.w3.org\/2000\/svg\"><path d=\"M646 125C629 125 613 133 604 142L308 442C296 454 292 471 292 487 292 504 296 521 308 533L604 854C617 867 629 875 646 875 663 875 679 871 692 858 704 846 713 829 713 812 713 796 708 779 692 767L438 487 692 225C700 217 708 204 708 187 708 171 704 154 692 142 675 129 663 125 646 125Z\"><\/path><\/svg>\t\t\t\t\t<\/div>\n\t\t\t\t\t<div class=\"elementor-swiper-button elementor-swiper-button-next\" role=\"button\" tabindex=\"0\">\n\t\t\t\t\t\t<svg aria-hidden=\"true\" class=\"e-font-icon-svg e-eicon-chevron-right\" viewBox=\"0 0 1000 1000\" xmlns=\"http:\/\/www.w3.org\/2000\/svg\"><path d=\"M696 533C708 521 713 504 713 487 713 471 708 454 696 446L400 146C388 133 375 125 354 125 338 125 325 129 313 142 300 154 292 171 292 187 292 204 296 221 308 233L563 492 304 771C292 783 288 800 288 817 288 833 296 850 308 863 321 871 338 875 354 875 371 875 388 867 400 854L696 533Z\"><\/path><\/svg>\t\t\t\t\t<\/div>\n\t\t\t\t\n\t\t\t\t\t\t\t\t\t<div class=\"swiper-pagination\"><\/div>\n\t\t\t\t\t\t\t\t\t<\/div>\n\t\t\t\t\t\t<\/div>\n\t\t\t\t<\/div>\n\t\t\t\t\t<\/div>\n\t\t\t\t<\/div>\n\t\t\t\t<\/div>\n\t\t","protected":false},"excerpt":{"rendered":"<p>Reformas En los \u00faltimos a\u00f1os hemos ayudado a muchos de nuestros propietarios a mejorar su hogar, ya sea desde un solo ba\u00f1o hasta una renovaci\u00f3n completa. Durante estos \u00faltimos a\u00f1os hemos desarrollado buenas relaciones de trabajo con varias empresas locales que nos ayudar\u00e1n a hacer algo nuevo y hermoso para nuestros propietarios agregando m\u00e1s comodidad [&hellip;]<\/p>\n","protected":false},"author":1,"featured_media":0,"parent":0,"menu_order":0,"comment_status":"closed","ping_status":"closed","template":"","meta":{"content-type":"","footnotes":""},"class_list":["post-524","page","type-page","status-publish","hentry"],"_links":{"self":[{"href":"https:\/\/myhomeproperty.es\/index.php?rest_route=\/wp\/v2\/pages\/524","targetHints":{"allow":["GET"]}}],"collection":[{"href":"https:\/\/myhomeproperty.es\/index.php?rest_route=\/wp\/v2\/pages"}],"about":[{"href":"https:\/\/myhomeproperty.es\/index.php?rest_route=\/wp\/v2\/types\/page"}],"author":[{"embeddable":true,"href":"https:\/\/myhomeproperty.es\/index.php?rest_route=\/wp\/v2\/users\/1"}],"replies":[{"embeddable":true,"href":"https:\/\/myhomeproperty.es\/index.php?rest_route=%2Fwp%2Fv2%2Fcomments&post=524"}],"version-history":[{"count":24,"href":"https:\/\/myhomeproperty.es\/index.php?rest_route=\/wp\/v2\/pages\/524\/revisions"}],"predecessor-version":[{"id":7883,"href":"https:\/\/myhomeproperty.es\/index.php?rest_route=\/wp\/v2\/pages\/524\/revisions\/7883"}],"wp:attachment":[{"href":"https:\/\/myhomeproperty.es\/index.php?rest_route=%2Fwp%2Fv2%2Fmedia&parent=524"}],"curies":[{"name":"wp","href":"https:\/\/api.w.org\/{rel}","templated":true}]}}